{"id":116,"date":"2021-06-16T07:50:31","date_gmt":"2021-06-16T07:50:31","guid":{"rendered":"https:\/\/serviproelec.com\/lux_2021\/?page_id=116"},"modified":"2021-07-01T12:54:59","modified_gmt":"2021-07-01T12:54:59","slug":"info","status":"publish","type":"page","link":"https:\/\/serviproelec.com\/lux_2021\/","title":{"rendered":"Info"},"content":{"rendered":"<p>[et_pb_section fb_built=\u00bb1&#8243; specialty=\u00bbon\u00bb _builder_version=\u00bb4.0.9&#8243; background_color=\u00bb#000000&#8243; custom_css_main_element=\u00bbpadding-top:0px;||padding-bottom:0px;\u00bb][et_pb_column type=\u00bb1_2&#8243; _builder_version=\u00bb3.25&#8243; custom_padding=\u00bb|||\u00bb custom_padding__hover=\u00bb|||\u00bb][et_pb_image src=\u00bbhttps:\/\/serviproelec.com\/lux_2021\/wp-content\/uploads\/2020\/11\/lux.jpg\u00bb align=\u00bbcenter\u00bb _builder_version=\u00bb4.0.9&#8243;][\/et_pb_image][\/et_pb_column][et_pb_column type=\u00bb1_2&#8243; specialty_columns=\u00bb2&#8243; _builder_version=\u00bb3.25&#8243; custom_padding=\u00bb|||\u00bb custom_padding__hover=\u00bb|||\u00bb][et_pb_row_inner _builder_version=\u00bb4.0.9&#8243;][et_pb_column_inner saved_specialty_column_type=\u00bb1_2&#8243; _builder_version=\u00bb4.0.9&#8243;][et_pb_image src=\u00bbhttps:\/\/serviproelec.com\/lux_2021\/wp-content\/uploads\/2020\/11\/edades-25.svg\u00bb align=\u00bbcenter\u00bb _builder_version=\u00bb4.0.9&#8243; custom_css_main_element=\u00bbmax-width: 72%;\u00bb][\/et_pb_image][et_pb_image src=\u00bbhttps:\/\/serviproelec.com\/lux_2021\/wp-content\/uploads\/2020\/11\/lux.svg\u00bb align=\u00bbcenter\u00bb _builder_version=\u00bb4.0.9&#8243; width=\u00bb100%\u00bb][\/et_pb_image][\/et_pb_column_inner][\/et_pb_row_inner][et_pb_row_inner column_structure=\u00bb1_2,1_2&#8243; _builder_version=\u00bb4.0.9&#8243;][et_pb_column_inner type=\u00bb1_2&#8243; saved_specialty_column_type=\u00bb1_2&#8243; _builder_version=\u00bb4.0.9&#8243;][et_pb_text _builder_version=\u00bb4.0.9&#8243;]<\/p>\n<p class=\"meses\">JUNIO\/ DICIEMBRE<\/p>\n<p class=\"year\">2021<\/p>\n<p><span class=\"sitios\">BURGOS<\/span><br \/> CATEDRAL<\/p>\n<p><span class=\"sitios\">CARRI\u00d3N DE LOS CONDES<\/span><br \/> IGLESIA DE SANTA MAR\u00cdA DEL CAMINO<br \/> IGLESIA DE SANTIAGO<\/p>\n<p><span class=\"sitios\">SAHAG\u00daN<\/span><br \/> SANTUARIO DE LA PEREGRINA<br \/> IGLESIA DE SAN TIRSO<\/p>\n<p>[\/et_pb_text][\/et_pb_column_inner][et_pb_column_inner type=\u00bb1_2&#8243; saved_specialty_column_type=\u00bb1_2&#8243; _builder_version=\u00bb4.0.9&#8243;][et_pb_text _builder_version=\u00bb4.0.9&#8243; custom_padding=\u00bb18px|12px|12px|12px|false|true\u00bb link_option_url=\u00bb#informacion\u00bb border_width_all=\u00bb1px\u00bb border_color_all=\u00bb#ffffff\u00bb]<\/p>\n<h4 style=\"text-align: center;\">M\u00c1S INFORMACI\u00d3N<\/h4>\n<p>[\/et_pb_text][et_pb_text _builder_version=\u00bb4.0.9&#8243; custom_padding=\u00bb18px|12px|12px|12px|false|true\u00bb link_option_url=\u00bbhttps:\/\/articketing.vocces.com\/las-edades-del-hombre\/\u00bb hover_enabled=\u00bb0&#8243; border_width_all=\u00bb1px\u00bb border_color_all=\u00bb#ffffff\u00bb link_option_url_new_window=\u00bbon\u00bb]<\/p>\n<h4 style=\"text-align: center;\">Venta de Entradas<\/h4>\n<p>[\/et_pb_text][et_pb_divider color=\u00bb#000000&#8243; divider_weight=\u00bb0px\u00bb show_divider_tablet=\u00bb\u00bb show_divider_phone=\u00bboff\u00bb show_divider_last_edited=\u00bbon|phone\u00bb _builder_version=\u00bb4.0.9&#8243; height=\u00bb84px\u00bb][\/et_pb_divider][et_pb_image src=\u00bbhttps:\/\/serviproelec.com\/lux_2021\/wp-content\/uploads\/2020\/11\/faldon.svg\u00bb align=\u00bbcenter\u00bb _builder_version=\u00bb4.0.9&#8243;][\/et_pb_image][et_pb_button _builder_version=\u00bb4.0.9&#8243;][\/et_pb_button][\/et_pb_column_inner][\/et_pb_row_inner][\/et_pb_column][\/et_pb_section][et_pb_section fb_built=\u00bb1&#8243; module_id=\u00bbinformacion\u00bb _builder_version=\u00bb4.0.9&#8243; background_color=\u00bb#000000&#8243;][et_pb_row _builder_version=\u00bb4.0.9&#8243; border_width_top=\u00bb1px\u00bb border_color_top=\u00bb#ffffff\u00bb border_width_bottom=\u00bb1px\u00bb border_color_bottom=\u00bb#ffffff\u00bb][et_pb_column type=\u00bb4_4&#8243; _builder_version=\u00bb4.0.9&#8243;][et_pb_text _builder_version=\u00bb4.0.9&#8243;]<\/p>\n<h1 style=\"text-align: center; text-transform:uppercase; font-weight:900;\">Informaci\u00f3n<\/h1>\n<p>[\/et_pb_text][\/et_pb_column][\/et_pb_row][et_pb_row column_structure=\u00bb1_2,1_2&#8243; _builder_version=\u00bb4.0.9&#8243;][et_pb_column type=\u00bb1_2&#8243; _builder_version=\u00bb4.0.9&#8243;][et_pb_text admin_label=\u00bbRECORRIDO EXPOSITIVO\u00bb _builder_version=\u00bb4.0.9&#8243; custom_margin=\u00bb||||false|false\u00bb custom_padding=\u00bb||28px||false|false\u00bb border_width_bottom=\u00bb1px\u00bb border_color_bottom=\u00bb#ffffff\u00bb]<\/p>\n<h3 style=\"color: #e4032e;\">RECORRIDO EXPOSITIVO<\/h3>\n<p>Catedral de Burgos, Iglesias de Santa Mar\u00eda del Camino y Santiago, en Carri\u00f3n de los Condes (Palencia), y Santuario de la Peregrina e Iglesia de San Tirso, en Sahag\u00fan (Le\u00f3n)[\/et_pb_text][et_pb_text admin_label=\u00bbENTRADAS INDIVIDUALES\u00bb _builder_version=\u00bb4.0.9&#8243; custom_padding=\u00bb||28px||false|false\u00bb border_width_bottom=\u00bb1px\u00bb border_color_bottom=\u00bb#ffffff\u00bb]<\/p>\n<h3 style=\"color: #004f9f;\">ENTRADAS INDIVIDUALES<\/h3>\n<p>LUX GENERAL* (Catedral de Burgos, Santa Mar\u00eda y Santiago en Carri\u00f3n de los Condes y San Tirso y la Peregrina en Sahag\u00fan): 12 \u20ac<\/p>\n<p>* No incluye visita a la Catedral de Burgos, solamente a la parte expositiva LUX<\/p>\n<p>LUX CARRI\u00d3N DE LOS CONDES Y SAHAG\u00daN: 8 \u20ac<\/p>\n<p>LUX CARRI\u00d3N DE LOS CONDES: 5 \u20ac<\/p>\n<p>LUX SAHAG\u00daN: 5 \u20ac<\/p>\n<p>LUX BURGOS: 6 \u20ac<\/p>\n<p>VISITA A LA CATEDRAL DE BURGOS: 7 \u20ac<\/p>\n<p>LUX BURGOS Y CATEDRAL: 9 \u20ac<\/p>\n<p>LUX GENERAL COMPLETA Y VISITA A LA CATEDRAL DE BURGOS: 16 \u20ac[\/et_pb_text][et_pb_text admin_label=\u00bbVISITA DID\u00c1CTICA PARA GRUPOS\u00bb _builder_version=\u00bb4.0.9&#8243; custom_padding=\u00bb||28px||false|false\u00bb border_width_bottom=\u00bb1px\u00bb border_color_bottom=\u00bb#ffffff\u00bb]<\/p>\n<h3 style=\"color: #004f9f;\">VISITA DID\u00c1CTICA PARA GRUPOS*<\/h3>\n<p>LUX. TRES SEDES: 195 \u20ac (incluye la entrada de la exposici\u00f3n)*<\/p>\n<p>No incluye la visita completa a la Catedral de Burgos (solamente exposici\u00f3n)<\/p>\n<p>Es necesaria reserva previa. Grupo m\u00e1ximo de 20 personas<\/p>\n<p>* Supeditado a las condiciones sanitarias COVID, que las autoridades sanitarias puedan se\u00f1alar en cada momento.<\/p>\n<p>Duraci\u00f3n aproximada: 45 minutos por sede<\/p>\n<p>No se admiten gu\u00edas de grupos a excepci\u00f3n de los especialistas en arte sacro de la exposici\u00f3n[\/et_pb_text][\/et_pb_column][et_pb_column type=\u00bb1_2&#8243; _builder_version=\u00bb4.0.9&#8243;][et_pb_text admin_label=\u00bbHORARIOS\u00bb _builder_version=\u00bb4.0.9&#8243; custom_padding=\u00bb||28px||false|false\u00bb border_width_bottom=\u00bb1px\u00bb border_color_bottom=\u00bb#ffffff\u00bb]<\/p>\n<h3 style=\"color: #00964f;\">HORARIOS<\/h3>\n<p><strong style=\"color: #00964f;\">Catedral de Burgos, Iglesia de Santa Mar\u00eda del Camino en Carri\u00f3n<br \/> de los Condes y Santuario de la Peregrina en Sahag\u00fan.<\/strong><\/p>\n<p>Martes a viernes: de 10 a 14 h y de 16 a 20 h<br \/> S\u00e1bados, domingos y festivos: de 10 a 20 h<\/p>\n<p><strong style=\"color: #00964f;\">Iglesia de Santiago en Carri\u00f3n y San Tirso en Sahag\u00fan.<\/strong><\/p>\n<p>Martes a viernes: de 10.30 a 14.30 h y de 16.15 a 20.15 h<br \/> S\u00e1bados, domingos y festivos: de 10.30 a 20.30 h<\/p>\n<p>La admisi\u00f3n en la Catedral de Burgos terminar\u00e1 45 minutos antes del cierre,<br \/> en el resto de sedes 20 minutos antes.<br \/> La exposici\u00f3n permanecer\u00e1 cerrada los lunes.<\/p>\n<p>[\/et_pb_text][et_pb_text admin_label=\u00bbINFORMACI\u00d3N Y RESERVAS\u00bb _builder_version=\u00bb4.0.9&#8243; custom_padding=\u00bb||28px||false|false\u00bb border_width_bottom=\u00bb1px\u00bb border_color_bottom=\u00bb#ffffff\u00bb]<\/p>\n<h3 style=\"color: #e4032e;\">INFORMACI\u00d3N Y RESERVAS<\/h3>\n<p>Tel\u00e9fono:\u00a0947 070 022 | 979 040 088 | 987 042 056<br \/> <a href=\"mailto:expo@lasedades.es\" style=\"color: #e4032e;\">expo@lasedades.es<\/a><br \/> <a href=\"http:\/\/www.lasedades.es\" style=\"color: #e4032e;\">lasedades.es<\/a> |\u00a0<a href=\"lux2021.com\" style=\"color: #e4032e;\">lux2021.com<\/a><\/p>\n<p>[\/et_pb_text][\/et_pb_column][\/et_pb_row][\/et_pb_section]<\/p>\n","protected":false},"excerpt":{"rendered":"<p>[et_pb_section fb_built=\u00bb1&#8243; specialty=\u00bbon\u00bb _builder_version=\u00bb4.0.9&#8243; background_color=\u00bb#000000&#8243; custom_css_main_element=\u00bbpadding-top:0px;||padding-bottom:0px;\u00bb][et_pb_column type=\u00bb1_2&#8243; _builder_version=\u00bb3.25&#8243; custom_padding=\u00bb|||\u00bb custom_padding__hover=\u00bb|||\u00bb][et_pb_image src=\u00bbhttps:\/\/serviproelec.com\/lux_2021\/wp-content\/uploads\/2020\/11\/lux.jpg\u00bb align=\u00bbcenter\u00bb _builder_version=\u00bb4.0.9&#8243;][\/et_pb_image][\/et_pb_column][et_pb_column type=\u00bb1_2&#8243; specialty_columns=\u00bb2&#8243; _builder_version=\u00bb3.25&#8243; custom_padding=\u00bb|||\u00bb custom_padding__hover=\u00bb|||\u00bb][et_pb_row_inner _builder_version=\u00bb4.0.9&#8243;][et_pb_column_inner saved_specialty_column_type=\u00bb1_2&#8243; _builder_version=\u00bb4.0.9&#8243;][et_pb_image src=\u00bbhttps:\/\/serviproelec.com\/lux_2021\/wp-content\/uploads\/2020\/11\/edades-25.svg\u00bb align=\u00bbcenter\u00bb _builder_version=\u00bb4.0.9&#8243; custom_css_main_element=\u00bbmax-width: 72%;\u00bb][\/et_pb_image][et_pb_image src=\u00bbhttps:\/\/serviproelec.com\/lux_2021\/wp-content\/uploads\/2020\/11\/lux.svg\u00bb align=\u00bbcenter\u00bb _builder_version=\u00bb4.0.9&#8243; width=\u00bb100%\u00bb][\/et_pb_image][\/et_pb_column_inner][\/et_pb_row_inner][et_pb_row_inner column_structure=\u00bb1_2,1_2&#8243; _builder_version=\u00bb4.0.9&#8243;][et_pb_column_inner type=\u00bb1_2&#8243; saved_specialty_column_type=\u00bb1_2&#8243; _builder_version=\u00bb4.0.9&#8243;][et_pb_text _builder_version=\u00bb4.0.9&#8243;] JUNIO\/ DICIEMBRE 2021 BURGOS CATEDRAL CARRI\u00d3N DE LOS CONDES IGLESIA DE SANTA MAR\u00cdA DEL CAMINO IGLESIA DE SANTIAGO SAHAG\u00daN [&hellip;]<\/p>\n","protected":false},"author":1,"featured_media":0,"parent":0,"menu_order":0,"comment_status":"closed","ping_status":"closed","template":"page-template-blank.php","meta":{"_et_pb_use_builder":"on","_et_pb_old_content":""},"_links":{"self":[{"href":"https:\/\/serviproelec.com\/lux_2021\/wp-json\/wp\/v2\/pages\/116"}],"collection":[{"href":"https:\/\/serviproelec.com\/lux_2021\/wp-json\/wp\/v2\/pages"}],"about":[{"href":"https:\/\/serviproelec.com\/lux_2021\/wp-json\/wp\/v2\/types\/page"}],"author":[{"embeddable":true,"href":"https:\/\/serviproelec.com\/lux_2021\/wp-json\/wp\/v2\/users\/1"}],"replies":[{"embeddable":true,"href":"https:\/\/serviproelec.com\/lux_2021\/wp-json\/wp\/v2\/comments?post=116"}],"version-history":[{"count":32,"href":"https:\/\/serviproelec.com\/lux_2021\/wp-json\/wp\/v2\/pages\/116\/revisions"}],"predecessor-version":[{"id":155,"href":"https:\/\/serviproelec.com\/lux_2021\/wp-json\/wp\/v2\/pages\/116\/revisions\/155"}],"wp:attachment":[{"href":"https:\/\/serviproelec.com\/lux_2021\/wp-json\/wp\/v2\/media?parent=116"}],"curies":[{"name":"wp","href":"https:\/\/api.w.org\/{rel}","templated":true}]}}